{"id":1685,"date":"2019-05-20T11:31:50","date_gmt":"2019-05-20T10:31:50","guid":{"rendered":"http:\/\/www.themetechmount.in\/wordpress\/zippco\/?page_id=1685"},"modified":"2023-08-01T11:31:12","modified_gmt":"2023-08-01T10:31:12","slug":"notre-equipe","status":"publish","type":"page","link":"https:\/\/gabrielwealthmanagement.com\/en\/notre-equipe\/","title":{"rendered":"Notre \u00e9quipe"},"content":{"rendered":"<div data-elementor-type=\"wp-page\" data-elementor-id=\"1685\" class=\"elementor elementor-1685\">\n\t\t\t\t\t\t<section class=\"elementor-section elementor-top-section elementor-element elementor-element-656f5bb5 tm-column-break-ipad-yes elementor-section-stretched tm-col-stretched-none elementor-section-boxed elementor-section-height-default elementor-section-height-default\" data-id=\"656f5bb5\" data-element_type=\"section\" data-e-type=\"section\" data-settings=\"{&quot;stretch_section&quot;:&quot;section-stretched&quot;}\">\n\t\t\t\t\t\t<div class=\"elementor-container elementor-column-gap-default\">\n\t\t\t\t\t<div class=\"elementor-column elementor-col-100 elementor-top-column elementor-element elementor-element-30cd462\" data-id=\"30cd462\" data-element_type=\"column\" data-e-type=\"column\">\n\t\t\t<div class=\"elementor-widget-wrap elementor-element-populated\">\n\t\t\t\t\t\t<section class=\"elementor-section elementor-inner-section elementor-element elementor-element-e3a7b51 tm-column-break-ipad-yes tm-col-stretched-none elementor-section-boxed elementor-section-height-default elementor-section-height-default\" data-id=\"e3a7b51\" data-element_type=\"section\" data-e-type=\"section\">\n\t\t\t\t\t\t<div class=\"elementor-container elementor-column-gap-default\">\n\t\t\t\t\t<div class=\"elementor-column elementor-col-100 elementor-inner-column elementor-element elementor-element-50e3d708\" data-id=\"50e3d708\" data-element_type=\"column\" data-e-type=\"column\">\n\t\t\t<div class=\"elementor-widget-wrap elementor-element-populated\">\n\t\t\t\t\t\t<div class=\"elementor-element elementor-element-6dd9a381 tm-align-left elementor-widget elementor-widget-tm_team_element\" data-id=\"6dd9a381\" data-element_type=\"widget\" data-e-type=\"widget\" data-widget_type=\"tm_team_element.default\">\n\t\t\t\t<div class=\"elementor-widget-container\">\n\t\t\t\t\t<div class=\"themetechmount-boxes themetechmount-boxes-team themetechmount-element-teambox-overlay themetechmount-boxes-view-default themetechmount-boxes-col-three themetechmount-boxes-textalign-left themetechmount-boxes-spacing-30px\" data-tm-show=\"6\" data-tm-loop=\"1\" data-tm-rtl=\"false\" data-tm-cssease=\"ease\" data-tm-autoplay=\"0\" data-tm-centermode=\"0\" data-tm-centerpadding=\"800\" data-tm-nav=\"\" data-tm-dots=\"\" data-tm-slidestoscroll=\"\" data-tm-autoplayspeed=\"4500\" data-tm-margin=\"30px\" data-tm-speed=\"4500\"><div class=\"themetechmount-boxes-inner\">\n\t\t\t<div class=\"themetechmount-box-heading-wrapper tm-boxwithout-heading\">\n\t\t\t\t<div class=\"tm-element-heading-content-wrapper left-align  tm-seperator-none  tm-heading-style-vertical\"><div class=\"tm-content-header\"><div class=\"heading-seperator\"><span><\/span><\/div><\/div><\/div>\t\t\t\t\t\t\t<\/div>\n\n\t\t\t<div class=\"themetechmount-boxes-row-wrapper row multi-columns-row\">\n\n\t\t\t<div class=\"tm-box-col-wrapper   col-lg-4 col-sm-6 col-md-4 col-xs-12\"><article class=\"themetechmount-box themetechmount-box-team themetechmount-teambox-view-overlay\">\n\t<div class=\"themetechmount-post-item\">\n\t\t<div class=\"themetechmount-team-image-box\">\n\t\t\t\t\t\t <div class=\"themetechmount-box-social-links\"><\/div>\n\t\t<\/div>\t\n\t\t<div class=\"themetechmount-box-content\">\n\t\t\t<div class=\"themetechmount-box-title\"><h4><a href=\"https:\/\/gabrielwealthmanagement.com\/en\/team-member\/vision\/\">vision<\/a><\/h4><\/div>\t\t\t<div class=\"themetechmount-team-position\"><\/div>\n\t\t\t\n\t\t<\/div>\n\t<\/div>\n<\/article>\n <\/div><div class=\"tm-box-col-wrapper   col-lg-4 col-sm-6 col-md-4 col-xs-12\"><article class=\"themetechmount-box themetechmount-box-team themetechmount-teambox-view-overlay\">\n\t<div class=\"themetechmount-post-item\">\n\t\t<div class=\"themetechmount-team-image-box\">\n\t\t\t\n\t\t<span class=\"themetechmount-item-thumbnail\">\n\t\t\t<span class=\"themetechmount-item-thumbnail-inner\">\n\t\t\t\t<img fetchpriority=\"high\" decoding=\"async\" width=\"480\" height=\"480\" src=\"https:\/\/gabrielwealthmanagement.com\/wp-content\/uploads\/2019\/05\/PHOTO-2023-01-04-16-47-56-480x480.jpg\" class=\"attachment-themetechmount-img-team-member size-themetechmount-img-team-member wp-post-image\" alt=\"\" srcset=\"https:\/\/gabrielwealthmanagement.com\/wp-content\/uploads\/2019\/05\/PHOTO-2023-01-04-16-47-56-480x480.jpg 480w, https:\/\/gabrielwealthmanagement.com\/wp-content\/uploads\/2019\/05\/PHOTO-2023-01-04-16-47-56-150x150.jpg 150w\" sizes=\"(max-width: 480px) 100vw, 480px\" data-id=\"5830\" \/>\n\t\t\t<\/span>\n\t\t<\/span>\t\t\t <div class=\"themetechmount-box-social-links\"><div class=\"tm-team-social-links-wrapper\"><ul class=\"tm-team-social-links\"><li><a href=\"#\" target=\"_blank\" data-tooltip=\"Facebook\"><i class=\"tm-zippco-icon-facebook\"><\/i><span class=\"tm-hide\">Facebook<\/span><\/a><\/li><li><a href=\"#\" target=\"_blank\" data-tooltip=\"Twitter\"><i class=\"tm-zippco-icon-twitter\"><\/i><span class=\"tm-hide\">Twitter<\/span><\/a><\/li><\/ul> <!-- .tm-team-social-links --> <\/div> <!-- .tm-team-social-links-wrapper --> <\/div>\n\t\t<\/div>\t\n\t\t<div class=\"themetechmount-box-content\">\n\t\t\t<div class=\"themetechmount-box-title\"><h4><a href=\"https:\/\/gabrielwealthmanagement.com\/en\/team-member\/pdg-gwem\/\">PDG- GWEM<\/a><\/h4><\/div>\t\t\t<div class=\"themetechmount-team-position\">CEO-Founder<\/div>\n\t\t\t\n\t\t<\/div>\n\t<\/div>\n<\/article>\n <\/div><div class=\"tm-box-col-wrapper   col-lg-4 col-sm-6 col-md-4 col-xs-12\"><article class=\"themetechmount-box themetechmount-box-team themetechmount-teambox-view-overlay\">\n\t<div class=\"themetechmount-post-item\">\n\t\t<div class=\"themetechmount-team-image-box\">\n\t\t\t\n\t\t<span class=\"themetechmount-item-thumbnail\">\n\t\t\t<span class=\"themetechmount-item-thumbnail-inner\">\n\t\t\t\t<img decoding=\"async\" width=\"480\" height=\"480\" src=\"https:\/\/gabrielwealthmanagement.com\/wp-content\/uploads\/2019\/04\/Downloader.la-643be79654ab7-480x480.jpg\" class=\"attachment-themetechmount-img-team-member size-themetechmount-img-team-member wp-post-image\" alt=\"\" srcset=\"https:\/\/gabrielwealthmanagement.com\/wp-content\/uploads\/2019\/04\/Downloader.la-643be79654ab7-480x480.jpg 480w, https:\/\/gabrielwealthmanagement.com\/wp-content\/uploads\/2019\/04\/Downloader.la-643be79654ab7-150x150.jpg 150w\" sizes=\"(max-width: 480px) 100vw, 480px\" data-id=\"6072\" \/>\n\t\t\t<\/span>\n\t\t<\/span>\t\t\t <div class=\"themetechmount-box-social-links\"><div class=\"tm-team-social-links-wrapper\"><ul class=\"tm-team-social-links\"><li><a href=\"#\" target=\"_blank\" data-tooltip=\"Facebook\"><i class=\"tm-zippco-icon-facebook\"><\/i><span class=\"tm-hide\">Facebook<\/span><\/a><\/li><li><a href=\"#\" target=\"_blank\" data-tooltip=\"Twitter\"><i class=\"tm-zippco-icon-twitter\"><\/i><span class=\"tm-hide\">Twitter<\/span><\/a><\/li><\/ul> <!-- .tm-team-social-links --> <\/div> <!-- .tm-team-social-links-wrapper --> <\/div>\n\t\t<\/div>\t\n\t\t<div class=\"themetechmount-box-content\">\n\t\t\t<div class=\"themetechmount-box-title\"><h4><a href=\"https:\/\/gabrielwealthmanagement.com\/en\/team-member\/banquier-prive-senior\/\">banquier priv\u00e9 s\u00e9nior<\/a><\/h4><\/div>\t\t\t<div class=\"themetechmount-team-position\">banquier priv\u00e9 s\u00e9nior<\/div>\n\t\t\t\n\t\t<\/div>\n\t<\/div>\n<\/article>\n <\/div><div class=\"tm-box-col-wrapper   col-lg-4 col-sm-6 col-md-4 col-xs-12\"><article class=\"themetechmount-box themetechmount-box-team themetechmount-teambox-view-overlay\">\n\t<div class=\"themetechmount-post-item\">\n\t\t<div class=\"themetechmount-team-image-box\">\n\t\t\t\n\t\t<span class=\"themetechmount-item-thumbnail\">\n\t\t\t<span class=\"themetechmount-item-thumbnail-inner\">\n\t\t\t\t<img decoding=\"async\" width=\"480\" height=\"480\" src=\"https:\/\/gabrielwealthmanagement.com\/wp-content\/uploads\/2019\/04\/Downloader.la-643be79654ab7-480x480.jpg\" class=\"attachment-themetechmount-img-team-member size-themetechmount-img-team-member wp-post-image\" alt=\"\" srcset=\"https:\/\/gabrielwealthmanagement.com\/wp-content\/uploads\/2019\/04\/Downloader.la-643be79654ab7-480x480.jpg 480w, https:\/\/gabrielwealthmanagement.com\/wp-content\/uploads\/2019\/04\/Downloader.la-643be79654ab7-150x150.jpg 150w\" sizes=\"(max-width: 480px) 100vw, 480px\" data-id=\"6072\" \/>\n\t\t\t<\/span>\n\t\t<\/span>\t\t\t <div class=\"themetechmount-box-social-links\"><div class=\"tm-team-social-links-wrapper\"><ul class=\"tm-team-social-links\"><li><a href=\"#\" target=\"_blank\" data-tooltip=\"Facebook\"><i class=\"tm-zippco-icon-facebook\"><\/i><span class=\"tm-hide\">Facebook<\/span><\/a><\/li><li><a href=\"#\" target=\"_blank\" data-tooltip=\"Twitter\"><i class=\"tm-zippco-icon-twitter\"><\/i><span class=\"tm-hide\">Twitter<\/span><\/a><\/li><\/ul> <!-- .tm-team-social-links --> <\/div> <!-- .tm-team-social-links-wrapper --> <\/div>\n\t\t<\/div>\t\n\t\t<div class=\"themetechmount-box-content\">\n\t\t\t<div class=\"themetechmount-box-title\"><h4><a href=\"https:\/\/gabrielwealthmanagement.com\/en\/team-member\/assistant-administratif-et-comptable\/\">Charg\u00e9e Secr\u00e9tariat et Comptabilit\u00e9<\/a><\/h4><\/div>\t\t\t<div class=\"themetechmount-team-position\">Comptable et s\u00e9cr\u00e9tariat<\/div>\n\t\t\t\n\t\t<\/div>\n\t<\/div>\n<\/article>\n <\/div><div class=\"tm-box-col-wrapper   col-lg-4 col-sm-6 col-md-4 col-xs-12\"><article class=\"themetechmount-box themetechmount-box-team themetechmount-teambox-view-overlay\">\n\t<div class=\"themetechmount-post-item\">\n\t\t<div class=\"themetechmount-team-image-box\">\n\t\t\t\n\t\t<span class=\"themetechmount-item-thumbnail\">\n\t\t\t<span class=\"themetechmount-item-thumbnail-inner\">\n\t\t\t\t<img decoding=\"async\" width=\"480\" height=\"480\" src=\"https:\/\/gabrielwealthmanagement.com\/wp-content\/uploads\/2019\/04\/Downloader.la-643be79654ab7-480x480.jpg\" class=\"attachment-themetechmount-img-team-member size-themetechmount-img-team-member wp-post-image\" alt=\"\" srcset=\"https:\/\/gabrielwealthmanagement.com\/wp-content\/uploads\/2019\/04\/Downloader.la-643be79654ab7-480x480.jpg 480w, https:\/\/gabrielwealthmanagement.com\/wp-content\/uploads\/2019\/04\/Downloader.la-643be79654ab7-150x150.jpg 150w\" sizes=\"(max-width: 480px) 100vw, 480px\" data-id=\"6072\" \/>\n\t\t\t<\/span>\n\t\t<\/span>\t\t\t <div class=\"themetechmount-box-social-links\"><div class=\"tm-team-social-links-wrapper\"><ul class=\"tm-team-social-links\"><li><a href=\"#\" target=\"_blank\" data-tooltip=\"Facebook\"><i class=\"tm-zippco-icon-facebook\"><\/i><span class=\"tm-hide\">Facebook<\/span><\/a><\/li><li><a href=\"#\" target=\"_blank\" data-tooltip=\"Twitter\"><i class=\"tm-zippco-icon-twitter\"><\/i><span class=\"tm-hide\">Twitter<\/span><\/a><\/li><\/ul> <!-- .tm-team-social-links --> <\/div> <!-- .tm-team-social-links-wrapper --> <\/div>\n\t\t<\/div>\t\n\t\t<div class=\"themetechmount-box-content\">\n\t\t\t<div class=\"themetechmount-box-title\"><h4><a href=\"https:\/\/gabrielwealthmanagement.com\/en\/team-member\/vp-responsable-structuration\/\">VP \u2013 Responsable structuration<\/a><\/h4><\/div>\t\t\t<div class=\"themetechmount-team-position\">VP \u2013 Responsable structuration <\/div>\n\t\t\t\n\t\t<\/div>\n\t<\/div>\n<\/article>\n <\/div>\n\t\t\t<\/div>\n\n\t\t\t<\/div><!-- .themetechmount-boxes-inner -->   <\/div><!-- .themetechmount-boxes -->  \t\t\t\t<\/div>\n\t\t\t\t<\/div>\n\t\t\t\t\t<\/div>\n\t\t<\/div>\n\t\t\t\t\t<\/div>\n\t\t<\/section>\n\t\t\t\t\t<\/div>\n\t\t<\/div>\n\t\t\t\t\t<\/div>\n\t\t<\/section>\n\t\t\t\t<\/div>","protected":false},"excerpt":{"rendered":"<p>[vc_row tm_bgimagefixed=\u00a0\u00bb\u00a0\u00bb tm_responsive_css=\u00a0\u00bb80476907|colbreak_no|||||||||colbreak_no|||||60px||30px||colbreak_no||||||||||colbreak_no|||||||||\u00a0\u00bb][vc_column][\/vc_column][\/vc_row]<\/p>\n","protected":false},"author":1,"featured_media":0,"parent":0,"menu_order":11,"comment_status":"closed","ping_status":"closed","template":"","meta":{"footnotes":""},"class_list":["post-1685","page","type-page","status-publish","hentry"],"jetpack_sharing_enabled":true,"_links":{"self":[{"href":"https:\/\/gabrielwealthmanagement.com\/en\/wp-json\/wp\/v2\/pages\/1685","targetHints":{"allow":["GET"]}}],"collection":[{"href":"https:\/\/gabrielwealthmanagement.com\/en\/wp-json\/wp\/v2\/pages"}],"about":[{"href":"https:\/\/gabrielwealthmanagement.com\/en\/wp-json\/wp\/v2\/types\/page"}],"author":[{"embeddable":true,"href":"https:\/\/gabrielwealthmanagement.com\/en\/wp-json\/wp\/v2\/users\/1"}],"replies":[{"embeddable":true,"href":"https:\/\/gabrielwealthmanagement.com\/en\/wp-json\/wp\/v2\/comments?post=1685"}],"version-history":[{"count":1,"href":"https:\/\/gabrielwealthmanagement.com\/en\/wp-json\/wp\/v2\/pages\/1685\/revisions"}],"predecessor-version":[{"id":6282,"href":"https:\/\/gabrielwealthmanagement.com\/en\/wp-json\/wp\/v2\/pages\/1685\/revisions\/6282"}],"wp:attachment":[{"href":"https:\/\/gabrielwealthmanagement.com\/en\/wp-json\/wp\/v2\/media?parent=1685"}],"curies":[{"name":"wp","href":"https:\/\/api.w.org\/{rel}","templated":true}]}}