{"id":2177,"date":"2019-06-04T10:46:26","date_gmt":"2019-06-04T09:46:26","guid":{"rendered":"http:\/\/www.themetechmount.in\/wordpress\/zippco\/?page_id=2177"},"modified":"2024-11-01T13:16:46","modified_gmt":"2024-11-01T12:16:46","slug":"la-fondatrice","status":"publish","type":"page","link":"https:\/\/gabrielwealthmanagement.com\/en\/la-fondatrice\/","title":{"rendered":"The founder"},"content":{"rendered":"<div data-elementor-type=\"wp-page\" data-elementor-id=\"2177\" class=\"elementor elementor-2177\">\n\t\t\t\t\t\t<section class=\"elementor-section elementor-top-section elementor-element elementor-element-190d05f9 tm-column-break-ipad-yes elementor-section-stretched tm-col-stretched-none elementor-section-boxed elementor-section-height-default elementor-section-height-default\" data-id=\"190d05f9\" data-element_type=\"section\" data-e-type=\"section\" data-settings=\"{&quot;stretch_section&quot;:&quot;section-stretched&quot;}\">\n\t\t\t\t\t\t<div class=\"elementor-container elementor-column-gap-default\">\n\t\t\t\t\t<div class=\"elementor-column elementor-col-100 elementor-top-column elementor-element elementor-element-22e2ce9b\" data-id=\"22e2ce9b\" data-element_type=\"column\" data-e-type=\"column\">\n\t\t\t<div class=\"elementor-widget-wrap elementor-element-populated\">\n\t\t\t\t\t\t<section class=\"elementor-section elementor-inner-section elementor-element elementor-element-55902505 tm-column-break-ipad-yes tm-col-padding-zero-991 tm-col-stretched-none elementor-section-boxed elementor-section-height-default elementor-section-height-default\" data-id=\"55902505\" data-element_type=\"section\" data-e-type=\"section\">\n\t\t\t\t\t\t<div class=\"elementor-container elementor-column-gap-default\">\n\t\t\t\t\t<div class=\"elementor-column elementor-col-100 elementor-inner-column elementor-element elementor-element-4ad6d7ff\" data-id=\"4ad6d7ff\" data-element_type=\"column\" data-e-type=\"column\">\n\t\t\t<div class=\"elementor-widget-wrap elementor-element-populated\">\n\t\t\t\t\t\t<div class=\"elementor-element elementor-element-b53605d tm-align-center elementor-widget elementor-widget-tm_heading\" data-id=\"b53605d\" data-element_type=\"widget\" data-e-type=\"widget\" data-widget_type=\"tm_heading.default\">\n\t\t\t\t<div class=\"elementor-widget-container\">\n\t\t\t\t\t<div class=\"tm-element-heading-content-wrapper center-align tm-reverse-heading-yes tm-seperator-solid tm-content-with-desc tm-heading-style-vertical\"><div class=\"tm-content-header\"><h2 class=\"tm-element-content-heading tm-custom-heading\">\n\t\t\t\tGabriel Wealth Management\n\t\t\t<\/h2>\n\t\t<div class=\"heading-seperator\"><span><\/span><\/div><\/div><div class=\"tm-element-content-desctxt\">Le parcours du PDG<\/div><\/div>\t\t\t\t<\/div>\n\t\t\t\t<\/div>\n\t\t\t\t\t<\/div>\n\t\t<\/div>\n\t\t\t\t\t<\/div>\n\t\t<\/section>\n\t\t\t\t<section class=\"elementor-section elementor-inner-section elementor-element elementor-element-71447141 tm-column-break-ipad-yes tm-col-padding-zero-991 elementor-section-full_width tm-col-stretched-none elementor-section-height-default elementor-section-height-default\" data-id=\"71447141\" data-element_type=\"section\" data-e-type=\"section\">\n\t\t\t\t\t\t<div class=\"elementor-container elementor-column-gap-default\">\n\t\t\t\t\t<div class=\"elementor-column elementor-col-100 elementor-inner-column elementor-element elementor-element-41316d67\" data-id=\"41316d67\" data-element_type=\"column\" data-e-type=\"column\">\n\t\t\t<div class=\"elementor-widget-wrap elementor-element-populated\">\n\t\t\t\t\t\t<div class=\"elementor-element elementor-element-6c3501f1 elementor-widget elementor-widget-heading\" data-id=\"6c3501f1\" data-element_type=\"widget\" data-e-type=\"widget\" data-widget_type=\"heading.default\">\n\t\t\t\t<div class=\"elementor-widget-container\">\n\t\t\t\t\t<h4 class=\"elementor-heading-title elementor-size-default\">Tout savoir sur la Pr\u00e9sidente Directrice G\u00e9n\u00e9rale \/ CEO - Founder<\/h4>\t\t\t\t<\/div>\n\t\t\t\t<\/div>\n\t\t\t\t<div class=\"elementor-element elementor-element-34f45302 tm-accor-style3 elementor-widget__width-initial elementor-widget elementor-widget-accordion\" data-id=\"34f45302\" data-element_type=\"widget\" data-e-type=\"widget\" data-widget_type=\"accordion.default\">\n\t\t\t\t<div class=\"elementor-widget-container\">\n\t\t\t\t\t\t\t<div class=\"elementor-accordion\">\n\t\t\t\t\t\t\t<div class=\"elementor-accordion-item\">\n\t\t\t\t\t<div id=\"elementor-tab-title-8881\" class=\"elementor-tab-title\" data-tab=\"1\" role=\"button\" aria-controls=\"elementor-tab-content-8881\" aria-expanded=\"false\">\n\t\t\t\t\t\t\t\t\t\t\t\t\t<span class=\"elementor-accordion-icon elementor-accordion-icon-right\" aria-hidden=\"true\">\n\t\t\t\t\t\t\t\t\t\t\t\t\t\t\t<span class=\"elementor-accordion-icon-closed\"><i class=\"fas fa-plus\"><\/i><\/span>\n\t\t\t\t\t\t\t\t<span class=\"elementor-accordion-icon-opened\"><i class=\"fas fa-minus\"><\/i><\/span>\n\t\t\t\t\t\t\t\t\t\t\t\t\t\t<\/span>\n\t\t\t\t\t\t\t\t\t\t\t\t<a class=\"elementor-accordion-title\" tabindex=\"0\">La fondatrice de Gabriel Wealth Management<\/a>\n\t\t\t\t\t<\/div>\n\t\t\t\t\t<div id=\"elementor-tab-content-8881\" class=\"elementor-tab-content elementor-clearfix\" data-tab=\"1\" role=\"region\" aria-labelledby=\"elementor-tab-title-8881\"><h5>Description<\/h5><p>Mme Orph\u00e9e MONNET KEBE, est Certifi\u00e9e en Executive Corporate Finance (Finance d\u2019Entreprise) de HEC Paris, et dipl\u00f4m\u00e9e de l\u2019Ecole de Commerce de Paris INSEEC \u00ab MBA&amp;MASTERS PROGRAMS \u00bb d\u2019un 3\u00e8me cycle avec une sp\u00e9cialisation en Ing\u00e9nierie et Gestion du Patrimoine. Elle commencera la Gestion de Patrimoine en Cabinet en France, avant de rejoindre une Soci\u00e9t\u00e9 de Gestion de Portefeuille \u00e0 Abidjan en C\u00f4te d\u2019Ivoire.<\/p><p><a href=\"https:\/\/gabrielwealthmanagement.com\/wp-content\/uploads\/2019\/05\/PHOTO-2023-03-30-23-32-216-e1681297910281.jpg\"><img fetchpriority=\"high\" decoding=\"async\" class=\"size-medium wp-image-5831 alignright\" src=\"https:\/\/gabrielwealthmanagement.com\/wp-content\/uploads\/2019\/05\/PHOTO-2023-03-30-23-32-216-e1681297910281-261x300.jpg\" alt=\"\" width=\"261\" height=\"300\" srcset=\"https:\/\/gabrielwealthmanagement.com\/wp-content\/uploads\/2019\/05\/PHOTO-2023-03-30-23-32-216-e1681297910281-261x300.jpg 261w, https:\/\/gabrielwealthmanagement.com\/wp-content\/uploads\/2019\/05\/PHOTO-2023-03-30-23-32-216-e1681297910281.jpg 662w\" sizes=\"(max-width: 261px) 100vw, 261px\" \/><\/a><\/p><p>Elle est par ailleurs dipl\u00f4m\u00e9e d\u2019un Master en Gestion Economique et Juridique de l\u2019immobilier et d\u2019une licence en Droit.<\/p><p>Fort d&rsquo;une exp\u00e9rience de plus de 15 ans dans la Finance (march\u00e9s financiers), Gestion de Patrimoine, l&rsquo;immobilier, elle a fond\u00e9 GABRIEL WEALTH MANAGEMENT pour aider les entreprises familiales et les fortun\u00e9s d\u2019Afrique subsaharienne francophone et de toute l\u2019Afrique en g\u00e9n\u00e9ral.<\/p><p>Elle a occup\u00e9 des postes de responsabilit\u00e9 et de direction dans de grands groupes bancaires internationaux, dont la Standard Chartered Bank, et au sein du Groupe Soci\u00e9t\u00e9 G\u00e9n\u00e9rale comme Directrice G\u00e9n\u00e9rale de la Soci\u00e9t\u00e9 d\u2019Interm\u00e9diation Financi\u00e8re, o\u00f9 elle obtenu l\u2019Award de la meilleure SGI de l&rsquo;UEMOA en 2021.<\/p><p>Elle a r\u00e9ussi \u00e0 lever plus de 1500 milliards FCFA de fonds pour les \u00c9tats de la zone UEMOA, ainsi que plus de 50 milliards FCFA pour des entreprises. De plus, Elle a pilot\u00e9 avec succ\u00e8s la 1\u00e8re plus importante lev\u00e9e de dette souveraine \u00e0 taux fixe sur le march\u00e9 financier UEMOA, atteignant 316 milliards FCFA en mai 2022.<\/p><\/div>\n\t\t\t\t<\/div>\n\t\t\t\t\t\t\t\t<\/div>\n\t\t\t\t\t\t<\/div>\n\t\t\t\t<\/div>\n\t\t\t\t\t<\/div>\n\t\t<\/div>\n\t\t\t\t\t<\/div>\n\t\t<\/section>\n\t\t\t\t\t<\/div>\n\t\t<\/div>\n\t\t\t\t\t<\/div>\n\t\t<\/section>\n\t\t\t\t<\/div>","protected":false},"excerpt":{"rendered":"<p>Gabriel Wealth Management Le parcours du PDG Tout savoir sur la Pr\u00e9sidente Directrice G\u00e9n\u00e9rale \/ CEO &#8211; Founder La fondatrice de Gabriel Wealth Management Description Mme Orph\u00e9e MONNET KEBE, est Certifi\u00e9e en Executive Corporate Finance (Finance d\u2019Entreprise) de HEC Paris, et dipl\u00f4m\u00e9e de l\u2019Ecole de Commerce de Paris INSEEC \u00ab MBA&amp;MASTERS PROGRAMS \u00bb d\u2019un 3\u00e8me &hellip; <a href=\"https:\/\/gabrielwealthmanagement.com\/en\/la-fondatrice\/\" class=\"more-link\">Continue reading <span class=\"screen-reader-text\">The founder<\/span><\/a><\/p>","protected":false},"author":1,"featured_media":0,"parent":0,"menu_order":12,"comment_status":"closed","ping_status":"closed","template":"","meta":{"footnotes":""},"class_list":["post-2177","page","type-page","status-publish","hentry"],"jetpack_sharing_enabled":true,"_links":{"self":[{"href":"https:\/\/gabrielwealthmanagement.com\/en\/wp-json\/wp\/v2\/pages\/2177","targetHints":{"allow":["GET"]}}],"collection":[{"href":"https:\/\/gabrielwealthmanagement.com\/en\/wp-json\/wp\/v2\/pages"}],"about":[{"href":"https:\/\/gabrielwealthmanagement.com\/en\/wp-json\/wp\/v2\/types\/page"}],"author":[{"embeddable":true,"href":"https:\/\/gabrielwealthmanagement.com\/en\/wp-json\/wp\/v2\/users\/1"}],"replies":[{"embeddable":true,"href":"https:\/\/gabrielwealthmanagement.com\/en\/wp-json\/wp\/v2\/comments?post=2177"}],"version-history":[{"count":23,"href":"https:\/\/gabrielwealthmanagement.com\/en\/wp-json\/wp\/v2\/pages\/2177\/revisions"}],"predecessor-version":[{"id":7132,"href":"https:\/\/gabrielwealthmanagement.com\/en\/wp-json\/wp\/v2\/pages\/2177\/revisions\/7132"}],"wp:attachment":[{"href":"https:\/\/gabrielwealthmanagement.com\/en\/wp-json\/wp\/v2\/media?parent=2177"}],"curies":[{"name":"wp","href":"https:\/\/api.w.org\/{rel}","templated":true}]}}