{"id":958,"date":"2019-04-22T10:36:46","date_gmt":"2019-04-22T10:36:46","guid":{"rendered":"http:\/\/localhost\/Business\/?page_id=958"},"modified":"2024-12-24T23:01:05","modified_gmt":"2024-12-24T22:01:05","slug":"nos-services","status":"publish","type":"page","link":"https:\/\/gabrielwealthmanagement.com\/en\/nos-services\/","title":{"rendered":"Ours services"},"content":{"rendered":"<div data-elementor-type=\"wp-page\" data-elementor-id=\"958\" class=\"elementor elementor-958\">\n\t\t\t\t\t\t<section class=\"elementor-section elementor-top-section elementor-element elementor-element-341514a tm-column-break-ipad-no tm-col-stretched-none elementor-section-boxed elementor-section-height-default elementor-section-height-default\" data-id=\"341514a\" data-element_type=\"section\" data-e-type=\"section\">\n\t\t\t\t\t\t<div class=\"elementor-container elementor-column-gap-default\">\n\t\t\t\t\t<div class=\"elementor-column elementor-col-100 elementor-top-column elementor-element elementor-element-fcb4ee6\" data-id=\"fcb4ee6\" data-element_type=\"column\" data-e-type=\"column\">\n\t\t\t<div class=\"elementor-widget-wrap elementor-element-populated\">\n\t\t\t\t\t\t<div class=\"elementor-element elementor-element-52b2819 tm-align-center elementor-widget elementor-widget-tm_heading\" data-id=\"52b2819\" data-element_type=\"widget\" data-e-type=\"widget\" data-widget_type=\"tm_heading.default\">\n\t\t\t\t<div class=\"elementor-widget-container\">\n\t\t\t\t\t<div class=\"tm-element-heading-content-wrapper center-align tm-reverse-heading-yes tm-seperator-none tm-content-with-desc tm-heading-style-vertical\"><div class=\"tm-content-header\"><h3 class=\"tm-element-subheading tm-custom-heading\">\n\t\t\t\tEXPERTISE AND OFFERS\n\t\t\t<\/h3>\n\t\t<h1 class=\"tm-element-content-heading tm-custom-heading\">\n\t\t\t\tOur fields of expertise<br>\n\n\t\t\t<\/h1>\n\t\t<div class=\"heading-seperator\"><span><\/span><\/div><\/div><div class=\"tm-element-content-desctxt\">Place your cursor over each icon to discover our expertise and offers.<\/div><\/div>\t\t\t\t<\/div>\n\t\t\t\t<\/div>\n\t\t\t\t<div class=\"elementor-element elementor-element-86f63d1 elementor-widget-divider--view-line elementor-widget elementor-widget-divider\" data-id=\"86f63d1\" data-element_type=\"widget\" data-e-type=\"widget\" data-widget_type=\"divider.default\">\n\t\t\t\t<div class=\"elementor-widget-container\">\n\t\t\t\t\t\t\t<div class=\"elementor-divider\">\n\t\t\t<span class=\"elementor-divider-separator\">\n\t\t\t\t\t\t<\/span>\n\t\t<\/div>\n\t\t\t\t\t\t<\/div>\n\t\t\t\t<\/div>\n\t\t\t\t<section class=\"elementor-section elementor-inner-section elementor-element elementor-element-1e22903 tm-column-break-ipad-no tm-col-stretched-none elementor-section-boxed elementor-section-height-default elementor-section-height-default\" data-id=\"1e22903\" data-element_type=\"section\" data-e-type=\"section\">\n\t\t\t\t\t\t<div class=\"elementor-container elementor-column-gap-default\">\n\t\t\t\t\t<div class=\"elementor-column elementor-col-33 elementor-inner-column elementor-element elementor-element-a95e4cc\" data-id=\"a95e4cc\" data-element_type=\"column\" data-e-type=\"column\">\n\t\t\t<div class=\"elementor-widget-wrap\">\n\t\t\t\t\t\t\t<\/div>\n\t\t<\/div>\n\t\t\t\t<div class=\"elementor-column elementor-col-33 elementor-inner-column elementor-element elementor-element-5fe8106\" data-id=\"5fe8106\" data-element_type=\"column\" data-e-type=\"column\">\n\t\t\t<div class=\"elementor-widget-wrap elementor-element-populated\">\n\t\t\t\t\t\t<div class=\"elementor-element elementor-element-98e443d elementor-widget__width-initial elementor-widget elementor-widget-text-editor\" data-id=\"98e443d\" data-element_type=\"widget\" data-e-type=\"widget\" data-widget_type=\"text-editor.default\">\n\t\t\t\t<div class=\"elementor-widget-container\">\n\t\t\t\t\t\t\t\t\t<p style=\"text-align: center;\">We adopt a holistic approach, which enables us to provide an almost exhaustive understanding of all the issues facing company directors and families, as well as your individual wealth management problems.<\/p><p style=\"text-align: center;\">We pride ourselves <strong>the confidentiality <\/strong>of our services.<\/p>\t\t\t\t\t\t\t\t<\/div>\n\t\t\t\t<\/div>\n\t\t\t\t\t<\/div>\n\t\t<\/div>\n\t\t\t\t<div class=\"elementor-column elementor-col-33 elementor-inner-column elementor-element elementor-element-5a2a9d4\" data-id=\"5a2a9d4\" data-element_type=\"column\" data-e-type=\"column\">\n\t\t\t<div class=\"elementor-widget-wrap\">\n\t\t\t\t\t\t\t<\/div>\n\t\t<\/div>\n\t\t\t\t\t<\/div>\n\t\t<\/section>\n\t\t\t\t\t<\/div>\n\t\t<\/div>\n\t\t\t\t\t<\/div>\n\t\t<\/section>\n\t\t\t\t<section class=\"elementor-section elementor-top-section elementor-element elementor-element-306ed76 tm-column-break-ipad-no tm-col-stretched-none elementor-section-boxed elementor-section-height-default elementor-section-height-default\" data-id=\"306ed76\" data-element_type=\"section\" data-e-type=\"section\">\n\t\t\t\t\t\t<div class=\"elementor-container elementor-column-gap-default\">\n\t\t\t\t\t<div class=\"elementor-column elementor-col-100 elementor-top-column elementor-element elementor-element-a86ad01\" data-id=\"a86ad01\" data-element_type=\"column\" data-e-type=\"column\">\n\t\t\t<div class=\"elementor-widget-wrap elementor-element-populated\">\n\t\t\t\t\t\t<div class=\"elementor-element elementor-element-ad72911 elementor-widget elementor-widget-html\" data-id=\"ad72911\" data-element_type=\"widget\" data-e-type=\"widget\" data-widget_type=\"html.default\">\n\t\t\t\t<div class=\"elementor-widget-container\">\n\t\t\t\t\t<!DOCTYPE html>\n<html lang=\"en\">\n\n<head>\n    <meta charset=\"UTF-8\">\n    <meta name=\"viewport\" content=\"width=device-width, initial-scale=1.0\">\n    <link rel=\"stylesheet\" href=\"https:\/\/cdnjs.cloudflare.com\/ajax\/libs\/font-awesome\/6.0.0-beta3\/css\/all.min.css\">\n    <link href='https:\/\/fonts.googleapis.com\/css?family=Source Sans Pro' rel='stylesheet'>\n    <link href='https:\/\/fonts.googleapis.com\/css?family=Lemon' rel='stylesheet'>\n\n\n<style>\n\/* Bouton flottant *\/\n        .btn {\n            text-align: center;\ndisplay: flex;\n            justify-content: center;\n\n        }\n\n        .btn a {\n            display: inline-block;\n            padding: 15px 30px;\n            font-size: 18px;\n            background: #D10802;\n            color: #fff;\n            text-decoration: none;\n            border-radius: 30px;\n            box-shadow: 0 8px 15px rgba(0, 0, 0, 0.2);\n            transition: all 0.3s ease;\n            font-family: 'Source Sans Pro';\n        }\n\n        .btn a:hover {\n            background: #de4944;\n            box-shadow: 0 12px 20px rgba(0, 0, 0, 0.3);\n            transform: translateY(-5px);\n        }\n\n        .container .icon {\n            position: relative;\n            display: flex;\n            justify-content: center;\n            align-items: center;\n            cursor: pointer;\n            gap: 20px;\n            padding: 20px;\n            border-radius: 10px;\n            background: #ffffff;\n            margin-right: 55px;\n    \n        }\n\n        .container .icon .imgBx {\n            position: relative;\n            width: 70px;\n            height: 70px;\n            border-radius: 50%;\n            transition: 0.5s;\n            border: 2px solid #ddd;\n            box-shadow: 0 4px 8px rgba(0, 0, 0, 0.15);\n            display: flex;\n            justify-content: center;\n            align-items: center;\n            background-color: #303682;\n            transition: transform 0.3s ease;\n        }\n\n        .container .icon .imgBx:hover {\n            transform: scale(1.1);\n        }\n\n        .container .icon .imgBx i {\n            font-size: 24px;\n            color: #fff;\n        }\n\n        .card {\n            margin-left: -49px;\n            padding: 19px;\n            border-radius: 15px;\n            background: #ffffff;\n            max-width: 600px;\n            margin-top: 20px;\n            box-shadow: 0 12px 24px rgba(0, 0, 0, 0.15);\n            animation: fadeInUp 0.8s ease-in-out;\n        }\n\n        .card h2 {\n            font-size: 24px;\n            color: #D10802;\n            margin-bottom: 15px;\n            \n        }\n\n        .card p {\n            font-size: 16px;\n            line-height: 1.6;\n            color: #000;\n            font-family: 'Source Sans Pro';\n        }\n\n        .content {\n            display: flex;\n            justify-content: center;\n            align-items: center;\n            z-index: 10;\n        }\n\n        \/* Animation pour apparition *\/\n        @keyframes fadeInUp {\n            from {\n                opacity: 0;\n                transform: translateY(20px);\n            }\n\n            to {\n                opacity: 1;\n                transform: translateY(0);\n            }\n        }\n\n        \/* Masquer toutes les sections sauf celle active *\/\n        .contentBx {\n            display: none;\n            text-align: center;\n        }\n\n        .contentBx.active {\n            display: block;\n        }\n    <\/style>\n<\/head>\n\n<body>\n    <!-- Conteneur principal -->\n    <div class=\"container\">\n        <div class=\"icon\">\n            <div class=\"imgBx\" style=\"--i:1;\" data-id=\"content1\">\n                <i class=\"fa-solid fa-house-chimney-user\"><\/i>\n            <\/div>\n            <div class=\"imgBx\" style=\"--i:2;\" data-id=\"content2\">\n                <i class=\"fa-solid fa-magnifying-glass-dollar\"><\/i>\n            <\/div>\n            <div class=\"imgBx\" style=\"--i:3;\" data-id=\"content3\">\n                <i class=\"fa-solid fa-diagram-project\"><\/i>\n            <\/div>\n            <div class=\"imgBx\" style=\"--i:4;\" data-id=\"content4\">\n                <i class=\"fa-solid fa-arrow-trend-up\"><\/i>\n            <\/div>\n            <div class=\"imgBx\" style=\"--i:5;\" data-id=\"content5\">\n                <i class=\"fa-solid fa-road\"><\/i>\n            <\/div>\n            <div class=\"imgBx\" style=\"--i:6;\" data-id=\"content6\">\n                <i class=\"fa-solid fa-headset\"><\/i>\n            <\/div>\n        <\/div>\n\n        <div class=\"content\">\n            <div class=\"contentBx active\" id=\"content1\">\n                <div class=\"card\">\n                    <div class=\"textBx\">\n                        <h2>A Heritage Approach<\/h2>\n                        <p>Gabriel Wealth Management (GWEM) is aimed at wealthy families and company directors who\n                            want to develop their personal and professional wealth, expand the family's business fabric\n                            the family's business fabric, while ensuring a smooth transfer of ownership.<br>As for our\nour expertise in Individual Wealth Management (Private Banking), it covers the entire range of\nrange of offers and services for people whose wealth has reached a certain threshold\n                            threshold (which is set in advance), in a personalised way.<br>These services range from a simple analysis of the client's assets to the monitoring and execution of their projects.\ninvestment advice on all instruments deemed appropriate. GWEM will\nin complete confidentiality.<\/p>\n                    <\/div>\n                <\/div>\n            <\/div>\n            <div class=\"contentBx\" id=\"content2\">\n                <div class=\"card\">\n                    <div class=\"textBx\">\n                        <h2>Research and funding<\/h2>\n                        <p>Our experts are renowned for their ability and reputation in the field of\n                            financing and fund-raising.<br>Setting up a new business, expanding an existing one\n                            or financing a specific project can require complex and expensive financing.\n                            expensive. That's why GWEM's experts are committed to helping you address these issues by\n                            analyse your situation and needs in order to adopt the best financing solution.\n                            financing solution.<\/p>\n                    <\/div>\n                <\/div>\n            <\/div>\n            <div class=\"contentBx\" id=\"content3\">\n                <div class=\"card\">\n                    <div class=\"textBx\">\n                        <h2>Specific financial and strategic structuring<\/h2>\n                        <p>Your company is facing the challenges of development, expansion, restructuring?\n                            fund-raising and financing, restructuring existing debt, or even setting up or\n                            creation or takeover? Our experts will respond to all these issues with a view to\n                            protecting your interests and optimising sources of finance and tax.<\/p>\n                    <\/div>\n                <\/div>\n            <\/div>\n            <div class=\"contentBx\" id=\"content4\">\n                <div class=\"card\">\n                    <div class=\"textBx\">\n                        <h2>Investments<\/h2>\n                        <p>Do you have a portfolio of financial securities, real estate, precious metals or art?\n                            precious metals or works of art, or you would like to start investing in these assets?\n                            We offer you support that takes account of your complete situation.\n                            Finally, we work in perfect harmony and collaboration with your existing asset managers.\n                            Finally, we work in perfect harmony and collaboration with any managers you may already have in place.<\/p>\n                    <\/div>\n                <\/div>\n            <\/div>\n            <div class=\"contentBx\" id=\"content5\">\n                <div class=\"card\">\n                    <div class=\"textBx\">\n                        <h2>Securing the future and passing on<\/h2>\n                        <p>Depending on the situation of the Families who come to us and the Individuals who come to us,\n                            solutions designed to secure their future. We analyse and advise you on the\nthe best solutions for managing your succession and passing on your business\nyour business and\/or your assets, while ensuring their continuity, always in the strictest\nconfidentiality.<\/p>\n                    <\/div>\n                <\/div>\n            <\/div>\n            <div class=\"contentBx\" id=\"content6\">\n                <div class=\"card\">\n                    <div class=\"textBx\">\n                        <h2>Complete Concierge Service<\/h2>\n                        <p>To make everyday life easier for families and individuals, we offer\npersonal and corporate concierge services (for company directors).Let us take care of\nunforgettable holidays organised from start to finish? Managing your\nyour mail? Finding and managing qualified domestic staff? Do you need\n                            security services or VIP accompaniment? Would you like to hire a private jet or\n                            a boat? You can even delegate your administrative procedures to us.<\/p>\n                    <\/div>\n                <\/div>\n            <\/div>\n        <\/div>\n    <\/div>\n        <!-- Bouton flottant en haut du cadre -->\n        <div class=\"btn\">\n            <a href=\"https:\/\/gabrielwealthmanagement.com\/en\/formulaire\/\">Request your asset report<\/a>\n        <\/div>\n\n    <script>\n        const imgBx = document.querySelectorAll('.imgBx');\n        const contentBx = document.querySelectorAll('.contentBx');\n\n        imgBx.forEach(icon => {\n            icon.addEventListener('mouseover', function () {\n                document.querySelector('.contentBx.active')?.classList.remove('active');\n                const targetContent = document.getElementById(this.dataset.id);\n                if (targetContent) {\n                    targetContent.classList.add('active');\n                }\n                document.querySelector('.imgBx.active')?.classList.remove('active');\n                this.classList.add('active');\n            });\n        });\n    <\/script>\n<\/body>\n\n<\/html>\t\t\t\t<\/div>\n\t\t\t\t<\/div>\n\t\t\t\t\t<\/div>\n\t\t<\/div>\n\t\t\t\t\t<\/div>\n\t\t<\/section>\n\t\t\t\t<section class=\"elementor-section elementor-top-section elementor-element elementor-element-7bb1e7bd tm-column-break-ipad-yes elementor-section-stretched tm-col-stretched-none elementor-section-boxed elementor-section-height-default elementor-section-height-default\" data-id=\"7bb1e7bd\" data-element_type=\"section\" data-e-type=\"section\" data-settings=\"{&quot;stretch_section&quot;:&quot;section-stretched&quot;}\">\n\t\t\t\t\t\t<div class=\"elementor-container elementor-column-gap-default\">\n\t\t\t\t\t<div class=\"elementor-column elementor-col-100 elementor-top-column elementor-element elementor-element-6cf2dfd6\" data-id=\"6cf2dfd6\" data-element_type=\"column\" data-e-type=\"column\">\n\t\t\t<div class=\"elementor-widget-wrap elementor-element-populated\">\n\t\t\t\t\t\t<section class=\"elementor-section elementor-inner-section elementor-element elementor-element-75e462ab tm-column-break-ipad-yes tm-col-stretched-none elementor-section-boxed elementor-section-height-default elementor-section-height-default\" data-id=\"75e462ab\" data-element_type=\"section\" data-e-type=\"section\">\n\t\t\t\t\t\t<div class=\"elementor-container elementor-column-gap-default\">\n\t\t\t\t\t<div class=\"elementor-column elementor-col-100 elementor-inner-column elementor-element elementor-element-4074780d\" data-id=\"4074780d\" data-element_type=\"column\" data-e-type=\"column\">\n\t\t\t<div class=\"elementor-widget-wrap elementor-element-populated\">\n\t\t\t\t\t\t<div class=\"elementor-element elementor-element-3a12e1fa tm-align-center elementor-widget elementor-widget-tm_heading\" data-id=\"3a12e1fa\" data-element_type=\"widget\" data-e-type=\"widget\" data-widget_type=\"tm_heading.default\">\n\t\t\t\t<div class=\"elementor-widget-container\">\n\t\t\t\t\t<div class=\"tm-element-heading-content-wrapper center-align tm-reverse-heading-yes tm-seperator-solid  tm-heading-style-vertical\"><div class=\"tm-content-header\"><h4 class=\"tm-element-subheading tm-custom-heading\">\n\t\t\t\tGWEM\n\t\t\t<\/h4>\n\t\t<h2 class=\"tm-element-content-heading tm-custom-heading\">\n\t\t\t\tMAKE THE RIGHT CHOICE.<br>\n\n\t\t\t<\/h2>\n\t\t<div class=\"heading-seperator\"><span><\/span><\/div><\/div><\/div>\t\t\t\t<\/div>\n\t\t\t\t<\/div>\n\t\t\t\t\t<\/div>\n\t\t<\/div>\n\t\t\t\t\t<\/div>\n\t\t<\/section>\n\t\t\t\t\t<\/div>\n\t\t<\/div>\n\t\t\t\t\t<\/div>\n\t\t<\/section>\n\t\t\t\t<\/div>","protected":false},"excerpt":{"rendered":"<p>EXPERTISES ET OFFRES Nos domaines de comp\u00e9tences Placez le curseur sur chaque ic\u00f4ne pour d\u00e9couvrir nos expertises et nos offres. Nous adoptons une approche holistique, qui nous permet d\u2019appr\u00e9hender de fa\u00e7on quasi exhaustive tous les enjeux des Chefs d\u2019Entreprises, des Familles ainsi que vos probl\u00e9matiques patrimoniales individuelles. Par excellence, nous mettons un point d\u2019honneur sur &hellip; <a href=\"https:\/\/gabrielwealthmanagement.com\/en\/nos-services\/\" class=\"more-link\">Continue reading <span class=\"screen-reader-text\">Ours services<\/span><\/a><\/p>","protected":false},"author":1,"featured_media":0,"parent":0,"menu_order":9,"comment_status":"closed","ping_status":"closed","template":"","meta":{"footnotes":""},"class_list":["post-958","page","type-page","status-publish","hentry"],"jetpack_sharing_enabled":true,"_links":{"self":[{"href":"https:\/\/gabrielwealthmanagement.com\/en\/wp-json\/wp\/v2\/pages\/958","targetHints":{"allow":["GET"]}}],"collection":[{"href":"https:\/\/gabrielwealthmanagement.com\/en\/wp-json\/wp\/v2\/pages"}],"about":[{"href":"https:\/\/gabrielwealthmanagement.com\/en\/wp-json\/wp\/v2\/types\/page"}],"author":[{"embeddable":true,"href":"https:\/\/gabrielwealthmanagement.com\/en\/wp-json\/wp\/v2\/users\/1"}],"replies":[{"embeddable":true,"href":"https:\/\/gabrielwealthmanagement.com\/en\/wp-json\/wp\/v2\/comments?post=958"}],"version-history":[{"count":490,"href":"https:\/\/gabrielwealthmanagement.com\/en\/wp-json\/wp\/v2\/pages\/958\/revisions"}],"predecessor-version":[{"id":7277,"href":"https:\/\/gabrielwealthmanagement.com\/en\/wp-json\/wp\/v2\/pages\/958\/revisions\/7277"}],"wp:attachment":[{"href":"https:\/\/gabrielwealthmanagement.com\/en\/wp-json\/wp\/v2\/media?parent=958"}],"curies":[{"name":"wp","href":"https:\/\/api.w.org\/{rel}","templated":true}]}}